{"id":25,"date":"2023-09-21T17:00:02","date_gmt":"2023-09-21T15:00:02","guid":{"rendered":"https:\/\/ea-balagne.fr\/?page_id=25"},"modified":"2025-04-11T19:52:38","modified_gmt":"2025-04-11T17:52:38","slug":"photobooth","status":"publish","type":"page","link":"https:\/\/ea-balagne.fr\/?page_id=25","title":{"rendered":"Photobooth"},"content":{"rendered":"\n<p>Si vous pr\u00e9parez un evenement (anniversaire, mariage, bapt\u00eame, communion, commit\u00e9 d&rsquo;entreprise &#8230;), c&rsquo;est l&rsquo;occasion de garder des souvenirs aussi bien en format photo ou num\u00e9rique.<br>Nous proposons notre photobooth adapt\u00e9 a tous les evenements. Vous r\u00e9cup\u00e9rez vos photos en direct (telechargement possible par QR Code)<br>Tous les accessoires sont fournis (chapeaux, lunettes &#8230;).<br>Nous assurons l&rsquo;installation et la maintenance de l&rsquo;appareil jusqu&rsquo;a sa r\u00e9cup\u00e9ration.<\/p>\n\n\n\n<p><\/p>\n","protected":false},"excerpt":{"rendered":"<p>Si vous pr\u00e9parez un evenement (anniversaire, mariage, bapt\u00eame, communion, commit\u00e9 d&rsquo;entreprise &#8230;), c&rsquo;est l&rsquo;occasion de garder des souvenirs aussi bien en format photo ou num\u00e9rique.Nous proposons notre photobooth adapt\u00e9 a [&hellip;]<\/p>\n","protected":false},"author":1,"featured_media":0,"parent":0,"menu_order":0,"comment_status":"closed","ping_status":"closed","template":"","meta":{"footnotes":""},"class_list":["post-25","page","type-page","status-publish","hentry"],"_links":{"self":[{"href":"https:\/\/ea-balagne.fr\/index.php?rest_route=\/wp\/v2\/pages\/25","targetHints":{"allow":["GET"]}}],"collection":[{"href":"https:\/\/ea-balagne.fr\/index.php?rest_route=\/wp\/v2\/pages"}],"about":[{"href":"https:\/\/ea-balagne.fr\/index.php?rest_route=\/wp\/v2\/types\/page"}],"author":[{"embeddable":true,"href":"https:\/\/ea-balagne.fr\/index.php?rest_route=\/wp\/v2\/users\/1"}],"replies":[{"embeddable":true,"href":"https:\/\/ea-balagne.fr\/index.php?rest_route=%2Fwp%2Fv2%2Fcomments&post=25"}],"version-history":[{"count":4,"href":"https:\/\/ea-balagne.fr\/index.php?rest_route=\/wp\/v2\/pages\/25\/revisions"}],"predecessor-version":[{"id":166,"href":"https:\/\/ea-balagne.fr\/index.php?rest_route=\/wp\/v2\/pages\/25\/revisions\/166"}],"wp:attachment":[{"href":"https:\/\/ea-balagne.fr\/index.php?rest_route=%2Fwp%2Fv2%2Fmedia&parent=25"}],"curies":[{"name":"wp","href":"https:\/\/api.w.org\/{rel}","templated":true}]}}