{"id":30,"date":"2023-09-21T17:01:06","date_gmt":"2023-09-21T15:01:06","guid":{"rendered":"https:\/\/ea-balagne.fr\/?page_id=30"},"modified":"2025-12-25T17:28:06","modified_gmt":"2025-12-25T16:28:06","slug":"laser","status":"publish","type":"page","link":"https:\/\/ea-balagne.fr\/?page_id=30","title":{"rendered":"Laser"},"content":{"rendered":"\n<div class=\"wp-block-group is-layout-constrained wp-block-group-is-layout-constrained\">\n<div class=\"wp-block-group is-vertical is-content-justification-center is-layout-flex wp-container-core-group-is-layout-1 wp-block-group-is-layout-flex\">\n<p class=\"has-text-align-left\">Graphisme, volum\u00e9trie tridimensionnelle, tirs de balisage dans le ciel\u2026 tout est permis avec le laser. Nous vous proposons, tout une panoplie de shows personnalis\u00e9 pour tous vos \u00e9v\u00e8nements.<\/p>\n\n\n\n<div style=\"height:20px\" aria-hidden=\"true\" class=\"wp-block-spacer wp-container-content-2\"><\/div>\n\n\n\n<p class=\"has-text-align-left\">Exclusivit\u00e9 en Corse : <strong>Nos contes de No\u00ebl LASER<\/strong><br>Nos contes de No\u00ebl seront illustr\u00e9s a l&rsquo;aide de lasers et effets sonores. Le spectacle est projet\u00e9 sur un B\u00e2timent et dure 15 \u00e0 20 minutes. Nous pouvons en fonction de vos envies pr\u00e9voir plusieurs projections. L&rsquo;histoire vous est cont\u00e9e par un ou plusieurs com\u00e9diens en voix OFF et \u00e9galement en langue Corse. Ce spectacle est parfait pour vos festivit\u00e9s de No\u00ebl, Parents et Enfants seront transport\u00e9s au pays magique du P\u00e8re No\u00ebl et ses cadeaux !<\/p>\n\n\n\n<p class=\"has-text-align-center p-link has-large-font-size\"><a href=\"https:\/\/ea-balagne.fr\/?page_id=15\" data-type=\"page\" data-id=\"15\">Consultez-nous !<\/a><\/p>\n<\/div>\n<\/div>\n","protected":false},"excerpt":{"rendered":"<p>Graphisme, volum\u00e9trie tridimensionnelle, tirs de balisage dans le ciel\u2026 tout est permis avec le laser. Nous vous proposons, tout une panoplie de shows personnalis\u00e9 pour tous vos \u00e9v\u00e8nements. Exclusivit\u00e9 en [&hellip;]<\/p>\n","protected":false},"author":1,"featured_media":0,"parent":28,"menu_order":0,"comment_status":"closed","ping_status":"closed","template":"","meta":{"footnotes":""},"class_list":["post-30","page","type-page","status-publish","hentry"],"_links":{"self":[{"href":"https:\/\/ea-balagne.fr\/index.php?rest_route=\/wp\/v2\/pages\/30","targetHints":{"allow":["GET"]}}],"collection":[{"href":"https:\/\/ea-balagne.fr\/index.php?rest_route=\/wp\/v2\/pages"}],"about":[{"href":"https:\/\/ea-balagne.fr\/index.php?rest_route=\/wp\/v2\/types\/page"}],"author":[{"embeddable":true,"href":"https:\/\/ea-balagne.fr\/index.php?rest_route=\/wp\/v2\/users\/1"}],"replies":[{"embeddable":true,"href":"https:\/\/ea-balagne.fr\/index.php?rest_route=%2Fwp%2Fv2%2Fcomments&post=30"}],"version-history":[{"count":9,"href":"https:\/\/ea-balagne.fr\/index.php?rest_route=\/wp\/v2\/pages\/30\/revisions"}],"predecessor-version":[{"id":191,"href":"https:\/\/ea-balagne.fr\/index.php?rest_route=\/wp\/v2\/pages\/30\/revisions\/191"}],"up":[{"embeddable":true,"href":"https:\/\/ea-balagne.fr\/index.php?rest_route=\/wp\/v2\/pages\/28"}],"wp:attachment":[{"href":"https:\/\/ea-balagne.fr\/index.php?rest_route=%2Fwp%2Fv2%2Fmedia&parent=30"}],"curies":[{"name":"wp","href":"https:\/\/api.w.org\/{rel}","templated":true}]}}